{"id":743,"date":"2020-03-04T08:04:31","date_gmt":"2020-03-04T07:04:31","guid":{"rendered":"https:\/\/www.hamburg-gesangsunterricht.de\/?page_id=743"},"modified":"2024-03-11T16:55:11","modified_gmt":"2024-03-11T15:55:11","slug":"corporate-events","status":"publish","type":"page","link":"https:\/\/www.hamburg-gesangsunterricht.de\/?page_id=743","title":{"rendered":"Corporate Events"},"content":{"rendered":"<p>[et_pb_section fb_built=&#8220;1&#8243; admin_label=&#8220;section&#8220; _builder_version=&#8220;4.23.1&#8243; background_image=&#8220;https:\/\/www.hamburg-gesangsunterricht.de\/wp-content\/uploads\/2023\/12\/web3.jpg&#8220; hover_enabled=&#8220;0&#8243; collapsed=&#8220;off&#8220; global_colors_info=&#8220;{}&#8220; title_text=&#8220;web3&#8243; sticky_enabled=&#8220;0&#8243;][et_pb_row column_structure=&#8220;1_3,1_3,1_3&#8243; admin_label=&#8220;row&#8220; _builder_version=&#8220;4.16&#8243; background_size=&#8220;initial&#8220; background_position=&#8220;top_left&#8220; background_repeat=&#8220;repeat&#8220; collapsed=&#8220;off&#8220; global_colors_info=&#8220;{}&#8220;][et_pb_column type=&#8220;1_3&#8243; _builder_version=&#8220;4.16&#8243; custom_padding=&#8220;|||&#8220; global_colors_info=&#8220;{}&#8220; custom_padding__hover=&#8220;|||&#8220;][et_pb_text admin_label=&#8220;Text&#8220; _builder_version=&#8220;4.16&#8243; background_size=&#8220;initial&#8220; background_position=&#8220;top_left&#8220; background_repeat=&#8220;repeat&#8220; use_border_color=&#8220;off&#8220; border_color=&#8220;#ffffff&#8220; border_style=&#8220;solid&#8220; global_colors_info=&#8220;{}&#8220;]<\/p>\n<h3>&nbsp;<\/h3>\n<p>[\/et_pb_text][\/et_pb_column][et_pb_column type=&#8220;1_3&#8243; _builder_version=&#8220;4.16&#8243; custom_padding=&#8220;|||&#8220; global_colors_info=&#8220;{}&#8220; custom_padding__hover=&#8220;|||&#8220;][et_pb_text admin_label=&#8220;Text&#8220; _builder_version=&#8220;4.16.1&#8243; text_font=&#8220;Droid Sans||||&#8220; text_text_color=&#8220;#2b2b2b&#8220; text_font_size=&#8220;16&#8243; header_font=&#8220;Vollkorn||||&#8220; header_font_size=&#8220;21px&#8220; header_line_height=&#8220;1.4em&#8220; background_size=&#8220;initial&#8220; background_position=&#8220;top_left&#8220; background_repeat=&#8220;repeat&#8220; text_orientation=&#8220;right&#8220; use_border_color=&#8220;off&#8220; border_color=&#8220;#ffffff&#8220; border_style=&#8220;solid&#8220; global_colors_info=&#8220;{}&#8220;]<\/p>\n<h1>Firmen-Events<\/h1>\n<p>Sie wollen Ihren MitarbeiterInnen etwas Besonderes zukommen lassen und das mit etwas N\u00fctzlichem verbinden? Ich biete Ihnen die Organisation von Firmenevents rund ums Singen an. Sie k\u00f6nnen aus den verschiedenen Modulen das f\u00fcr Sie passende Event zuschneidern; dabei berate ich Sie gern.<\/p>\n<p><em>&#8222;Wir hatten eine wunderbare Weihnachtsfeier bei Stefanie. Wir hatten uns entschlossen, unsere Stimmb\u00e4nder auszuprobieren, auch wenn die meisten von uns keinerlei \u00dcbung hatten. Stefanie hat uns wunderbar durch 4 Stunden singen, Tee trinken und Kekse essen geleitet, und wir sind richtig beseelt weiter auf den Weihnachtsmarkt. Vielen Dank!&#8220;<\/em><br \/>Dr. Roda Verheyen, Rechtsanw\u00e4lte G\u00fcnther<\/p>\n<h1>Sing!<\/h1>\n<p>Nach einem Vocal Warm up studiere ich mit Ihnen verschiedene ein- und mehrstimmige St\u00fccke ein; diese suche ich nach Absprache mit Ihnen aus, bzgl. der musikalischen Vorerfahrung, Vorlieben der Teilnehmenden und evtl. gew\u00fcnschten Stilen oder Themen.<br \/>Im Vordergrund stehen Spa\u00df, aufeinander H\u00f6ren, sich vor den anderen zu zeigen, die Anerkennung dessen, was man kann und was man nicht kann, und herausfinden, wie man sich am besten einbringen kann &#8211; und nat\u00fcrlich das Gruppenerlebnis, gemeinsam etwas zu erschaffen.<br \/>Durch eine geschickte Auswahl der St\u00fccke und Achtsamkeit w\u00e4hrend des Warmups ist es auch m\u00f6glich, S\u00e4ngerInnen mit sehr unterschiedlicher Vorerfahrung einzubinden und allen zu erm\u00f6glichen, sich mit ihren F\u00e4higkeiten einzubringen.<\/p>\n<p>Zur Erinnerung sende ich Ihnen gern Aufnahmen der entstandenen Songs.<br \/>F\u00fcr kleine und gro\u00dfe Gruppen geeignet.<\/p>\n<h1>Singen &#8211; wie geht das?<\/h1>\n<p>Ich verbinde das Warm up mit einer kleinen Einf\u00fchrung in Stimmmfunktion und Gesangstechnik und beantworte gern Fagen zu Atmung und Stimme.<br \/>Mit \u00dcbungen zum Sp\u00fcren und zum Einsatz der Stimme mache ich Ihnen die Funktion be-greif-lich.<br \/>Bei Bedarf zeige ich Ihnen einfache \u00dcbungen, mit denen Sie Ihrer Stimme bei falscher oder \u00dcber-Beanspruchung helfen k\u00f6nnen. Hierf\u00fcr stelle ich Ihnen bei Bedarf gern ein Skript zur Verf\u00fcgung.<br \/>Im Vordergrund stehen Spa\u00df, Ausprobieren, sowie Anregungen f\u00fcr den funktionalen Gebrauch der Stimme.<\/p>\n<p>F\u00fcr kleine und gro\u00dfe Gruppen geeignet.<\/p>\n<h1>Besser geht`s nich &#8211; perfekt!<\/h1>\n<p>Nach einem gemeinsamen Warm up mit Tipps zu Atem- und Stimmfunktion arbeite ich In kleiner Gruppe einzeln mit allen TeilnehmerInnen an einem Song ihrer Wahl. Wir legen das Augenmerk auf die St\u00e4rken und darauf, unsere Energie-Resourcen auf Neugier, Humor und Experimentieren zu konzentrieren, und Selbst-Sabotage und Selbst-Bewertung freundlich adieu zu sagen.<br \/>In der Einzelarbeit ziehe ich die TeilnehmerInnen heran, um die singende Person auf verschiedene Art und Weise zu unterst\u00fctzen.<br \/>Im zweiten Schritt geht es um die Pr\u00e4sentation des Unperfekten &#8211; und darum, anzuerkennen, dass das Beste, was man zu geben hat, perfekt sein kann.<\/p>\n<p>F\u00fcr Gruppen bis 8 Personen<\/p>\n<h1>Relax<\/h1>\n<p>Dieses Modul eignet sich vor allem f\u00fcr Menschen, die viel sprechen oder singen und\/oder Stimmprobleme haben.<br \/>Wir machen eine Reihe von Atem-, Stimm- und K\u00f6rper\u00fcbungen verbunden mit Meditation und \u201eBe-Greifen\u201c der anatomischen Strukturen, um den Stimmapparat kennenzulernen und zu entlasten.<br \/>Um die \u00dcbungen selbst weiterf\u00fchren zu k\u00f6nnen gibt es ein Script f\u00fcr zu Hause.<br \/>Diese Einheit eignet sich als Kompaktseminar oder als fortlaufender Kurs verteilt auf mehrere Termine.<\/p>\n<p>F\u00fcr Gruppen bis 8 Personen<\/p>\n<h1>Ihr Firmensong<\/h1>\n<p>Sie m\u00f6chten mit Ihrer Belegschaft einen eigenen Firmensong einsingen? Ich schreibe ihn und studiere ihn mit Ihren Mitarbeiterinnen ein.<\/p>\n<h1>Location und Catering<\/h1>\n<p>Mein Gesangsstudio bietet Platz f\u00fcr etwa 20 Personen.<\/p>\n<p>F\u00fcr Ihr Event komme ich auch gern zu Ihnen und bringe je nach Bedarf Equipment mit<br \/>&#8211; E-Piano<br \/>&#8211; Verst\u00e4rker und Licht<\/p>\n<p>oder wir finden gemeinsam einen passenden Raum zur Anmietung<\/p>\n<p>[\/et_pb_text][\/et_pb_column][et_pb_column type=&#8220;1_3&#8243; _builder_version=&#8220;4.16&#8243; custom_padding=&#8220;|||&#8220; global_colors_info=&#8220;{}&#8220; custom_padding__hover=&#8220;|||&#8220;][et_pb_image src=&#8220;https:\/\/www.hamburg-gesangsunterricht.de\/wp-content\/uploads\/2023\/07\/logo_ohne_adr_Kopie-removeb315-removebg-preview.png&#8220; title_text=&#8220;logo_ohne_adr_Kopie-removeb315-removebg-preview&#8220; align_tablet=&#8220;center&#8220; align_phone=&#8220;&#8220; align_last_edited=&#8220;on|desktop&#8220; disabled_on=&#8220;on|on|&#8220; admin_label=&#8220;Bild&#8220; _builder_version=&#8220;4.20.4&#8243; use_border_color=&#8220;off&#8220; border_color=&#8220;#ffffff&#8220; border_style=&#8220;solid&#8220; animation=&#8220;off&#8220; sticky=&#8220;off&#8220; always_center_on_mobile=&#8220;on&#8220; global_colors_info=&#8220;{}&#8220;][\/et_pb_image][\/et_pb_column][\/et_pb_row][\/et_pb_section]<\/p>\n","protected":false},"excerpt":{"rendered":"<p>&nbsp; Firmen-Events Sie wollen Ihren MitarbeiterInnen etwas Besonderes zukommen lassen und das mit etwas N\u00fctzlichem verbinden? Ich biete Ihnen die Organisation von Firmenevents rund ums Singen an. Sie k\u00f6nnen aus den verschiedenen Modulen das f\u00fcr Sie passende Event zuschneidern; dabei berate ich Sie gern. &#8222;Wir hatten eine wunderbare Weihnachtsfeier bei Stefanie. Wir hatten uns entschlossen, [&hellip;]<\/p>\n","protected":false},"author":1,"featured_media":0,"parent":0,"menu_order":0,"comment_status":"closed","ping_status":"closed","template":"","meta":{"_et_pb_use_builder":"on","_et_pb_old_content":"","_et_gb_content_width":"","footnotes":""},"class_list":["post-743","page","type-page","status-publish","hentry"],"_links":{"self":[{"href":"https:\/\/www.hamburg-gesangsunterricht.de\/index.php?rest_route=\/wp\/v2\/pages\/743","targetHints":{"allow":["GET"]}}],"collection":[{"href":"https:\/\/www.hamburg-gesangsunterricht.de\/index.php?rest_route=\/wp\/v2\/pages"}],"about":[{"href":"https:\/\/www.hamburg-gesangsunterricht.de\/index.php?rest_route=\/wp\/v2\/types\/page"}],"author":[{"embeddable":true,"href":"https:\/\/www.hamburg-gesangsunterricht.de\/index.php?rest_route=\/wp\/v2\/users\/1"}],"replies":[{"embeddable":true,"href":"https:\/\/www.hamburg-gesangsunterricht.de\/index.php?rest_route=%2Fwp%2Fv2%2Fcomments&post=743"}],"version-history":[{"count":16,"href":"https:\/\/www.hamburg-gesangsunterricht.de\/index.php?rest_route=\/wp\/v2\/pages\/743\/revisions"}],"predecessor-version":[{"id":1507,"href":"https:\/\/www.hamburg-gesangsunterricht.de\/index.php?rest_route=\/wp\/v2\/pages\/743\/revisions\/1507"}],"wp:attachment":[{"href":"https:\/\/www.hamburg-gesangsunterricht.de\/index.php?rest_route=%2Fwp%2Fv2%2Fmedia&parent=743"}],"curies":[{"name":"wp","href":"https:\/\/api.w.org\/{rel}","templated":true}]}}