{"id":201,"date":"2017-09-30T23:20:11","date_gmt":"2017-09-30T21:20:11","guid":{"rendered":"http:\/\/wp1094885.server-he.de\/?page_id=201"},"modified":"2024-03-11T17:00:24","modified_gmt":"2024-03-11T16:00:24","slug":"referenzen","status":"publish","type":"page","link":"https:\/\/www.hamburg-gesangsunterricht.de\/?page_id=201","title":{"rendered":"Referenzen"},"content":{"rendered":"<p>[et_pb_section fb_built=&#8220;1&#8243; admin_label=&#8220;section&#8220; _builder_version=&#8220;4.23.1&#8243; background_image=&#8220;https:\/\/www.hamburg-gesangsunterricht.de\/wp-content\/uploads\/2023\/12\/web3.jpg&#8220; min_height=&#8220;542px&#8220; global_colors_info=&#8220;{}&#8220;][et_pb_row column_structure=&#8220;1_3,1_3,1_3&#8243; admin_label=&#8220;row&#8220; _builder_version=&#8220;4.20.4&#8243; background_size=&#8220;initial&#8220; background_position=&#8220;top_left&#8220; background_repeat=&#8220;repeat&#8220; global_colors_info=&#8220;{}&#8220;][et_pb_column type=&#8220;1_3&#8243; _builder_version=&#8220;4.16&#8243; custom_padding=&#8220;|||&#8220; global_colors_info=&#8220;{}&#8220; custom_padding__hover=&#8220;|||&#8220;][et_pb_text _builder_version=&#8220;4.20.4&#8243; background_size=&#8220;initial&#8220; background_position=&#8220;top_left&#8220; background_repeat=&#8220;repeat&#8220; use_border_color=&#8220;off&#8220; border_color=&#8220;#ffffff&#8220; border_style=&#8220;solid&#8220; global_colors_info=&#8220;{}&#8220;]<\/p>\n<h3>\u00a0<\/h3>\n<p>[\/et_pb_text][\/et_pb_column][et_pb_column type=&#8220;1_3&#8243; _builder_version=&#8220;4.16&#8243; custom_padding=&#8220;|||&#8220; global_colors_info=&#8220;{}&#8220; custom_padding__hover=&#8220;|||&#8220;][et_pb_text _builder_version=&#8220;4.16&#8243; text_font=&#8220;Droid Sans||||&#8220; text_font_size=&#8220;16&#8243; header_font=&#8220;Vollkorn||||&#8220; header_font_size=&#8220;21px&#8220; header_line_height=&#8220;1.4em&#8220; background_size=&#8220;initial&#8220; background_position=&#8220;top_left&#8220; background_repeat=&#8220;repeat&#8220; use_border_color=&#8220;off&#8220; border_color=&#8220;#ffffff&#8220; border_style=&#8220;solid&#8220; global_colors_info=&#8220;{}&#8220;]<\/p>\n<h1 style=\"text-align: right;\">B\u00fchne<\/h1>\n<h1 style=\"text-align: right;\">Auszeichnungen<\/h1>\n<h1 style=\"text-align: right;\">Ausbildung<\/h1>\n<h1 style=\"text-align: right;\">P\u00e4dagogik<\/h1>\n<h1><\/h1>\n<h1><\/h1>\n<h1><\/h1>\n<h1><\/h1>\n<p>[\/et_pb_text][\/et_pb_column][et_pb_column type=&#8220;1_3&#8243; _builder_version=&#8220;4.16&#8243; custom_padding=&#8220;|||&#8220; global_colors_info=&#8220;{}&#8220; custom_padding__hover=&#8220;|||&#8220;][et_pb_image src=&#8220;https:\/\/www.hamburg-gesangsunterricht.de\/wp-content\/uploads\/2023\/07\/logo_ohne_adr_Kopie-removeb315-removebg-preview.png&#8220; title_text=&#8220;logo_ohne_adr_Kopie-removeb315-removebg-preview&#8220; align_tablet=&#8220;center&#8220; align_phone=&#8220;&#8220; align_last_edited=&#8220;on|desktop&#8220; disabled_on=&#8220;on|on|&#8220; _builder_version=&#8220;4.20.4&#8243; use_border_color=&#8220;off&#8220; border_color=&#8220;#ffffff&#8220; border_style=&#8220;solid&#8220; animation=&#8220;off&#8220; sticky=&#8220;off&#8220; always_center_on_mobile=&#8220;on&#8220; global_colors_info=&#8220;{}&#8220;][\/et_pb_image][\/et_pb_column][\/et_pb_row][\/et_pb_section][et_pb_section fb_built=&#8220;1&#8243; specialty=&#8220;on&#8220; _builder_version=&#8220;4.16&#8243; inner_max_width=&#8220;none&#8220; global_colors_info=&#8220;{}&#8220;][et_pb_column type=&#8220;1_2&#8243; _builder_version=&#8220;4.16&#8243; custom_padding=&#8220;|||&#8220; global_colors_info=&#8220;{}&#8220; custom_padding__hover=&#8220;|||&#8220;][et_pb_text admin_label=&#8220;Ausbildung&#8220; _builder_version=&#8220;4.20.4&#8243; text_font=&#8220;Droid Sans||||&#8220; text_text_color=&#8220;#2b2b2b&#8220; header_font=&#8220;Vollkorn||||&#8220; background_size=&#8220;initial&#8220; background_position=&#8220;top_left&#8220; background_repeat=&#8220;repeat&#8220; use_border_color=&#8220;off&#8220; border_color=&#8220;#ffffff&#8220; border_style=&#8220;solid&#8220; global_colors_info=&#8220;{}&#8220;]<\/p>\n<h1><span style=\"color: #e08e06;\">Ausbildung<\/span><\/h1>\n<p>Klassische Gesangsausbildung &#8211; Prof. Ingrid Kremling, Angela Denoke,Gabriele Rossmanith<br \/>Didaktik- \/ Methodik Gesang, Harmonielehre, Geh\u00f6rbildung, Rhythmus, Klavier, Schlagzeug<br \/>(Hochschule f\u00fcr Musik und Theater HH)<\/p>\n<p>Pop- und Jazzgesang &#8211; Karin Ploog, Stephanie Borm-Kr\u00fcger, Alexandra Pengler<br \/>(SLS Speech Level Singing, IVA)<\/p>\n<p>Schauspiel &#8211; Waltraud Schlingpl\u00e4sser-Gruber, Cornelia \u00d6lund<\/p>\n<p>Atempolare Stimmarbeit &#8211; Renate Schulze-Schindler, Romeo Alavi Kia (Einatmer-Ausatmer)<\/p>\n<p>Craniale und viszerale Osteopathie &#8211; seit 2009 gepr\u00fcfte Praktizierende des Milne Instituts<\/p>\n<p>Craniosacrale Arbeit mit dem Gehirn \u2013\u00a0Benjamin Shields<\/p>\n<p>Myofascial Release &#8211; Robert Schleip<\/p>\n<p>Advanced Myofascial Techniques &#8211; Neck, Jaw, Head &#8211; Til Luchau<\/p>\n<p>Anatomy Trains &#8211; Tom Myers<\/p>\n<p>Larynx Manipulation &#8211; Dr.Jacob Lieberman<\/p>\n<p>Anatomiekurs Charit\u00e9 Berlin &#8211; Prof.Vleeming, Dr. Lexy<\/p>\n<p>Hospitation und Praktikum bei Bernhard Voss (Upledger-Institut)<\/p>\n<p>Assistenzen Milne Institut<\/p>\n<p>Beratung zur Aufl\u00f6sung von Bewu\u00dftseinskonflikten und Focusing &#8211;\u00a0 Prof. Angelika Wagner<\/p>\n<p>Traumatherapeutische Fortbildung &#8211; Helen Prisi<\/p>\n<p>Praktikum Musiktherapie &#8211; Alsterdorfer Anstalten<\/p>\n<p>Meditation u.a. Shamata, Vipassana, Kunlun,\u00a0 Atemmeditationstechniken &#8211; Ven. Thrangu Rinpoche, Lama Kunga u.a.<\/p>\n<p>Qi Gong &#8211; Metre Zhu u.a.<\/p>\n<p>Yoga\u00a0 &#8211; Freda Louisa Leverk\u00fchn u.a.<\/p>\n<p>Tanz (Afro, Modern u.a.) &#8211; Kawfune, Jorge Watuzi, Rolf Amendt u.a.<\/p>\n<p>[\/et_pb_text][et_pb_image src=&#8220;http:\/\/wp1094885.server-he.de\/wp-content\/uploads\/2017\/09\/f\u00e4cher-Kopie.jpg&#8220; align=&#8220;center&#8220; align_tablet=&#8220;center&#8220; align_phone=&#8220;&#8220; align_last_edited=&#8220;on|desktop&#8220; _builder_version=&#8220;4.16&#8243; animation=&#8220;off&#8220; global_colors_info=&#8220;{}&#8220;][\/et_pb_image][et_pb_image src=&#8220;http:\/\/wp1094885.server-he.de\/wp-content\/uploads\/2017\/09\/take-that-alle-Kopie.jpg&#8220; align=&#8220;center&#8220; align_tablet=&#8220;center&#8220; align_phone=&#8220;&#8220; align_last_edited=&#8220;on|desktop&#8220; _builder_version=&#8220;4.16&#8243; animation=&#8220;off&#8220; global_colors_info=&#8220;{}&#8220;][\/et_pb_image][\/et_pb_column][et_pb_column type=&#8220;1_2&#8243; specialty_columns=&#8220;2&#8243; _builder_version=&#8220;4.16&#8243; custom_padding=&#8220;|||&#8220; global_colors_info=&#8220;{}&#8220; custom_padding__hover=&#8220;|||&#8220;][et_pb_row_inner column_structure=&#8220;1_2,1_2&#8243; admin_label=&#8220;Zeile&#8220; _builder_version=&#8220;4.16&#8243; global_colors_info=&#8220;{}&#8220;][et_pb_column_inner type=&#8220;1_2&#8243; saved_specialty_column_type=&#8220;1_2&#8243; _builder_version=&#8220;4.16&#8243; custom_padding=&#8220;|||&#8220; global_colors_info=&#8220;{}&#8220; custom_padding__hover=&#8220;|||&#8220;][et_pb_text admin_label=&#8220;B\u00fchne&#8220; _builder_version=&#8220;4.16.1&#8243; text_font=&#8220;Droid Sans||||&#8220; text_text_color=&#8220;#2b2b2b&#8220; header_font=&#8220;Vollkorn||||&#8220; background_size=&#8220;initial&#8220; background_position=&#8220;top_left&#8220; background_repeat=&#8220;repeat&#8220; use_border_color=&#8220;off&#8220; border_color=&#8220;#ffffff&#8220; border_style=&#8220;solid&#8220; global_colors_info=&#8220;{}&#8220;]<\/p>\n<h1><span style=\"color: #e08e06;\">B\u00fchne<\/span><\/h1>\n<p><strong>Lalelu a Cappella Comedy<\/strong> Mitbegr\u00fcndung, Entwicklung; Tourneen durch Deutschland, D\u00e4nemark und Schweiz<\/p>\n<p><strong>Delikateusen Musikkabarett<\/strong> mit Henrike Gebauer; Komposition, Arrangement, Performance, Gesamtkonzeption; Sopran und Moderation<\/p>\n<p><strong>CATS<\/strong> Hamburg \u2013 Mezzosopran<\/p>\n<p><strong>AbraCappella<\/strong> Gospel a Cappella; Galas, Hochzeiten<\/p>\n<p><strong>Oper\/Operette\/Oratorium<\/strong>\u00a0kleinere Rollen, Solo und Duett auf Galas\/Feiern<\/p>\n<p><strong>Axolotls<\/strong> (Trashpunk, Konzerte, Split-LP-Produktion),<\/p>\n<p>[\/et_pb_text][et_pb_text admin_label=&#8220;RAdio TV&#8220; _builder_version=&#8220;4.16&#8243; text_font=&#8220;Droid Sans||||&#8220; text_text_color=&#8220;#2b2b2b&#8220; header_font=&#8220;Vollkorn||||&#8220; background_size=&#8220;initial&#8220; background_position=&#8220;top_left&#8220; background_repeat=&#8220;repeat&#8220; use_border_color=&#8220;off&#8220; border_color=&#8220;#ffffff&#8220; border_style=&#8220;solid&#8220; global_colors_info=&#8220;{}&#8220;]<\/p>\n<h1><span style=\"color: #e08e06;\">Radio und TV<\/span><\/h1>\n<p>G\u00f6tz Alsman Show<br \/>\nAktuelle Schaubude<br \/>\nTalk op Platt<br \/>\nHerrmann und Tietjen, H\u00fcsch &amp; Co<br \/>\nTigerentenclub<br \/>\nSonntakte<br \/>\nSR Gesellschaftsabend u.a.<br \/>\n[\/et_pb_text][et_pb_text admin_label=&#8220;Auszeichnungen&#8220; _builder_version=&#8220;4.16&#8243; text_font=&#8220;Droid Sans||||&#8220; text_text_color=&#8220;#2b2b2b&#8220; header_font=&#8220;Vollkorn||||&#8220; background_size=&#8220;initial&#8220; background_position=&#8220;top_left&#8220; background_repeat=&#8220;repeat&#8220; use_border_color=&#8220;off&#8220; border_color=&#8220;#ffffff&#8220; border_style=&#8220;solid&#8220; global_colors_info=&#8220;{}&#8220;]<\/p>\n<h1><span style=\"color: #e08e06;\">Auszeichnungen<\/span><\/h1>\n<p>Mit LaLeLU:<\/p>\n<p>L\u00fcdenscheider L\u00fcsterklemme<\/p>\n<p>St.Ingberter Kleinkunstpfanne<\/p>\n<p>Th\u00fcringer Kleinkunstpreis<br \/>\n[\/et_pb_text][\/et_pb_column_inner][et_pb_column_inner type=&#8220;1_2&#8243; saved_specialty_column_type=&#8220;1_2&#8243; _builder_version=&#8220;4.16&#8243; custom_padding=&#8220;|||&#8220; global_colors_info=&#8220;{}&#8220; custom_padding__hover=&#8220;|||&#8220;][et_pb_text admin_label=&#8220;P\u00e4dagogik&#8220; _builder_version=&#8220;4.16&#8243; text_font=&#8220;Droid Sans||||&#8220; text_text_color=&#8220;#2b2b2b&#8220; header_font=&#8220;Vollkorn||||&#8220; background_size=&#8220;initial&#8220; background_position=&#8220;top_left&#8220; background_repeat=&#8220;repeat&#8220; z_index_tablet=&#8220;500&#8243; use_border_color=&#8220;off&#8220; global_colors_info=&#8220;{}&#8220;]<\/p>\n<h1><span style=\"color: #e08e06;\">P\u00e4dagogik<\/span><\/h1>\n<p>selbst\u00e4ndige&nbsp; Gesangslehrerin&nbsp; Pop, Jazz, Bluesrock, Gospel, Musical, Klassik, Folk,\u2026<\/p>\n<p>Organisation von Sch\u00fclerkonzerten &#8211; Konzeption, Moderation, Arrangement f\u00fcr Duett\/Ensemble\/Chor\/Begleitinstrumente<\/p>\n<p>Ensembleleitung, Projekte Chorleitung, Stimmbildung f\u00fcr Ch\u00f6re<\/p>\n<p>Supervision in den Bereichen Gesangsunterricht und Bodywork<\/p>\n<p><strong>Seminarleitung:<\/strong><\/p>\n<ul>\n<li>Atemtypen (Einatmer-Ausatmer)<\/li>\n<li>Einf\u00fchrung in die Stimmbildung<\/li>\n<li>Ensemblegesang, a Cappella<\/li>\n<li>Body&amp;Voice Balancing &#8211; Touch it! &#8211; Bodywork zu spezifischen Themen (Unterkiefer\/Nacken, Resonanzr\u00e4ume, Atemmuskulatur u.a.)<\/li>\n<li>B\u00fchnenperformance<\/li>\n<li>B\u00fchnenangst<\/li>\n<li>Microgesang<\/li>\n<li>Atem-Stimme-Yoga mit Freda Louisa Leverk\u00fchn<\/li>\n<\/ul>\n<p>2004 Lehrauftrag Gesang am Institut f\u00fcr Musiktherapie, Hochschule f. Musik und Theater HH<\/p>\n<p>2006 Arbeit mit Schauspielern des Theaters Sprechwerk<br \/>\n[\/et_pb_text][\/et_pb_column_inner][\/et_pb_row_inner][et_pb_row_inner admin_label=&#8220;Zeile&#8220; _builder_version=&#8220;4.16&#8243; global_colors_info=&#8220;{}&#8220;][et_pb_column_inner saved_specialty_column_type=&#8220;1_2&#8243; _builder_version=&#8220;4.16&#8243; custom_padding=&#8220;|||&#8220; global_colors_info=&#8220;{}&#8220; custom_padding__hover=&#8220;|||&#8220;][et_pb_text admin_label=&#8220;I like 1&#8243; _builder_version=&#8220;4.16&#8243; text_font=&#8220;Droid Sans||||&#8220; text_text_color=&#8220;#2b2b2b&#8220; header_font=&#8220;Vollkorn||||&#8220; background_size=&#8220;initial&#8220; background_position=&#8220;top_left&#8220; background_repeat=&#8220;repeat&#8220; use_border_color=&#8220;off&#8220; border_color=&#8220;#ffffff&#8220; border_style=&#8220;solid&#8220; global_colors_info=&#8220;{}&#8220;]<\/p>\n<h1><span style=\"color: #e08e06;\">I like 1<\/span><\/h1>\n<p><i>\u201eBisher gab es keine Gesangsstunde, die ich nicht begl\u00fcckt verlassen habe. In einer f\u00fcr mich frappierenden Weise triffst Du durch Bilder und Hinweise zur K\u00f6rperwahrnehmung die Punkte, durch die sich mein Gesang ver\u00e4ndert. Du bringst es fertig, dass ich die Musik und mich mit K\u00f6rper und Geist wahrnehme, dass sie eine Verbindung eingehen.<\/i><br \/>\n<i>Mir gef\u00e4llt die konzentrierte Arbeit, und dass wir auch zusammen lachen.\u00a0<\/i><i>Es ist nie zu sp\u00e4t mit dem Gesangsunterricht bei Dir anzufangen!<\/i><\/p>\n<p><i>Deine Osteopathiebehandlung hat meine R\u00fcckenbeschwerden nach einer\u00a0<\/i><i>einmaligen Behandlung verschwinden lassen. Das hat mir die Arbeitswoche gerettet.\u201c<\/i><\/p>\n<p><i>T. M\u00fcller, Hamburg<\/i><br \/>\n[\/et_pb_text][et_pb_text admin_label=&#8220;I like 2&#8243; _builder_version=&#8220;4.16&#8243; text_font=&#8220;Droid Sans||||&#8220; text_text_color=&#8220;#2b2b2b&#8220; header_font=&#8220;Vollkorn||||&#8220; background_size=&#8220;initial&#8220; background_position=&#8220;top_left&#8220; background_repeat=&#8220;repeat&#8220; use_border_color=&#8220;off&#8220; border_color=&#8220;#ffffff&#8220; border_style=&#8220;solid&#8220; global_colors_info=&#8220;{}&#8220;]<\/p>\n<h1><span style=\"color: #e08e06;\">I like 2<\/span><\/h1>\n<p><em>\u201eGesangsunterricht bei Stefanie Hoffmann ist einf\u00fchlsam fordernd, inspirierend, Mut machend, freudvoll! Ich kam mit der 40 Jahre alten &#8222;Diagnose&#8220;: &#8222;Du kannst nicht singen&#8220;. Stefanie Hoffmann ist mit mir einen Weg gegangen, der mir durch Klang und Ausdruck und viel Freude eine neue wunderbare Welt ge\u00f6ffnet hat.<\/em><\/p>\n<p><em> Au\u00dferdem kann ich sie als Kollegin der Craniosacralarbeit empfehlen.\u201c<\/em><\/p>\n<p><em> Dr. V. Schmiedel, Hamburg<\/em><br \/>\n[\/et_pb_text][et_pb_text admin_label=&#8220;I like 3&#8243; _builder_version=&#8220;4.16&#8243; text_font=&#8220;Droid Sans||||&#8220; text_text_color=&#8220;#2b2b2b&#8220; header_font=&#8220;Vollkorn||||&#8220; background_size=&#8220;initial&#8220; background_position=&#8220;top_left&#8220; background_repeat=&#8220;repeat&#8220; use_border_color=&#8220;off&#8220; border_color=&#8220;#ffffff&#8220; border_style=&#8220;solid&#8220; global_colors_info=&#8220;{}&#8220;]<\/p>\n<h1><span style=\"color: #e08e06;\">I like 3<\/span><\/h1>\n<p><i>&#8222;Working with Stefanie has expanded my vocal range and fine tuned the accuracy of my pitch. She is really good at both her vocal techniques and her hands on cranial and facial bone adjustments. I highly recommend working with her if you are passionate about singing and want to go to the next level.\u201d\u00a0<\/i><\/p>\n<p><i>Shems Heartwell, Maui<\/i><\/p>\n<p><a href=\"http:\/\/shemsheartwell.com\/\"><i>www.shemsheartwell.com<\/i><\/a><\/p>\n<p><a href=\"http:\/\/pranify.com\/\"><i>www.pranify.com<\/i><\/a><br \/>\n[\/et_pb_text][et_pb_text admin_label=&#8220;I like 4&#8243; _builder_version=&#8220;4.16&#8243; text_font=&#8220;Droid Sans||||&#8220; text_text_color=&#8220;#2b2b2b&#8220; header_font=&#8220;Vollkorn||||&#8220; background_size=&#8220;initial&#8220; background_position=&#8220;top_left&#8220; background_repeat=&#8220;repeat&#8220; use_border_color=&#8220;off&#8220; border_color=&#8220;#ffffff&#8220; border_style=&#8220;solid&#8220; global_colors_info=&#8220;{}&#8220;]<\/p>\n<h1><span style=\"color: #e08e06;\">I like 4<\/span><\/h1>\n<p><i>&#8222;Liebe Stefanie, die letzte Stunde war wie ein Wunder. Ich konnte beim Ensemble und beim Chor viel besser singen, meine obersten drei T\u00f6ne, die ich sonst nur rausquetschen kann, kamen ganz klar und ohne Anstrengung. Es hat richtig viel gebracht, v. a. f\u00fcr die Kiefer\u00f6ffnung. Vielen vielen Dank!\u201d&nbsp;<\/i><\/p>\n<p><i>G. Schick, Hamburg<\/i><br \/>\n[\/et_pb_text][et_pb_text admin_label=&#8220;I like 5&#8243; _builder_version=&#8220;4.16&#8243; text_font=&#8220;Droid Sans||||&#8220; text_text_color=&#8220;#2b2b2b&#8220; header_font=&#8220;Vollkorn||||&#8220; background_size=&#8220;initial&#8220; background_position=&#8220;top_left&#8220; background_repeat=&#8220;repeat&#8220; z_index_tablet=&#8220;500&#8243; use_border_color=&#8220;off&#8220; border_color=&#8220;#ffffff&#8220; border_style=&#8220;solid&#8220; global_colors_info=&#8220;{}&#8220;]<\/p>\n<h1><span style=\"color: #e08e06;\">I like 5<br \/><\/span><\/h1>\n<p><i>&#8222;Stefanies sanfte, einf\u00fchlsame H\u00e4nde lockern den Kiefer- und Nackenbereich anhaltend und unterst\u00fctzen damit meine Gesangs\u00fcbungen. Die Behandlung erm\u00f6glicht mir, auch w\u00e4hrend anstrengender Konzertphasen locker zu bleiben und so den perfekten Stimmsitz m\u00f6glichst h\u00e4ufig herstellen zu k\u00f6nnen\u201d\u00a0<\/i><\/p>\n<p><i>Anne W., Hamburg<\/i><\/p>\n<p>[\/et_pb_text][et_pb_text _builder_version=&#8220;4.23.1&#8243; _module_preset=&#8220;default&#8220; link_option_url=&#8220;Google Reviews&#8220; link_option_url_new_window=&#8220;on&#8220; hover_enabled=&#8220;0&#8243; global_colors_info=&#8220;{}&#8220; sticky_enabled=&#8220;0&#8243;]<\/p>\n<h5><a href=\"https:\/\/www.google.com\/search?hl=de-DE&amp;gl=de&amp;q=Stefanie+Hoffmann+Vocal+Arts,+Fruchtallee+108,+20259+Hamburg&amp;ludocid=6665726876120464241&amp;lsig=AB86z5XgU24aG1I0jjKsjVseNkzc&amp;authuser=0&amp;hl=de&amp;gl=DE&amp;sa=X&amp;ved=2ahUKEwj6v_u4kbqEAxVShv0HHcWlCwQQ3PALegQIOBAE\">Google Reviews<\/a><\/h5>\n<p>[\/et_pb_text][\/et_pb_column_inner][\/et_pb_row_inner][\/et_pb_column][\/et_pb_section][et_pb_section fb_built=&#8220;1&#8243; fullwidth=&#8220;on&#8220; _builder_version=&#8220;4.23.1&#8243; background_image=&#8220;https:\/\/www.hamburg-gesangsunterricht.de\/wp-content\/uploads\/2023\/12\/raumweb-scaled.jpg&#8220; parallax=&#8220;on&#8220; parallax_method=&#8220;off&#8220; transparent_background=&#8220;off&#8220; make_fullwidth=&#8220;off&#8220; use_custom_width=&#8220;off&#8220; width_unit=&#8220;on&#8220; global_colors_info=&#8220;{}&#8220;][et_pb_fullwidth_header content_max_width=&#8220;none&#8220; _builder_version=&#8220;4.16&#8243; background_color=&#8220;rgba(255, 255, 255, 0)&#8220; background_layout=&#8220;light&#8220; global_colors_info=&#8220;{}&#8220; button_one_text_size__hover_enabled=&#8220;off&#8220; button_one_text_size__hover=&#8220;null&#8220; button_two_text_size__hover_enabled=&#8220;off&#8220; button_two_text_size__hover=&#8220;null&#8220; button_one_text_color__hover_enabled=&#8220;off&#8220; button_one_text_color__hover=&#8220;null&#8220; button_two_text_color__hover_enabled=&#8220;off&#8220; button_two_text_color__hover=&#8220;null&#8220; button_one_border_width__hover_enabled=&#8220;off&#8220; button_one_border_width__hover=&#8220;null&#8220; button_two_border_width__hover_enabled=&#8220;off&#8220; button_two_border_width__hover=&#8220;null&#8220; button_one_border_color__hover_enabled=&#8220;off&#8220; button_one_border_color__hover=&#8220;null&#8220; button_two_border_color__hover_enabled=&#8220;off&#8220; button_two_border_color__hover=&#8220;null&#8220; button_one_border_radius__hover_enabled=&#8220;off&#8220; button_one_border_radius__hover=&#8220;null&#8220; button_two_border_radius__hover_enabled=&#8220;off&#8220; button_two_border_radius__hover=&#8220;null&#8220; button_one_letter_spacing__hover_enabled=&#8220;off&#8220; button_one_letter_spacing__hover=&#8220;null&#8220; button_two_letter_spacing__hover_enabled=&#8220;off&#8220; button_two_letter_spacing__hover=&#8220;null&#8220; button_one_bg_color__hover_enabled=&#8220;off&#8220; button_one_bg_color__hover=&#8220;null&#8220; button_two_bg_color__hover_enabled=&#8220;off&#8220; button_two_bg_color__hover=&#8220;null&#8220;][\/et_pb_fullwidth_header][\/et_pb_section]<\/p>\n","protected":false},"excerpt":{"rendered":"<p>\u00a0B\u00fchne Auszeichnungen Ausbildung P\u00e4dagogik Ausbildung Klassische Gesangsausbildung &#8211; Prof. Ingrid Kremling, Angela Denoke,Gabriele RossmanithDidaktik- \/ Methodik Gesang, Harmonielehre, Geh\u00f6rbildung, Rhythmus, Klavier, Schlagzeug(Hochschule f\u00fcr Musik und Theater HH) Pop- und Jazzgesang &#8211; Karin Ploog, Stephanie Borm-Kr\u00fcger, Alexandra Pengler(SLS Speech Level Singing, IVA) Schauspiel &#8211; Waltraud Schlingpl\u00e4sser-Gruber, Cornelia \u00d6lund Atempolare Stimmarbeit &#8211; Renate Schulze-Schindler, Romeo Alavi Kia [&hellip;]<\/p>\n","protected":false},"author":1,"featured_media":0,"parent":0,"menu_order":0,"comment_status":"closed","ping_status":"closed","template":"","meta":{"_et_pb_use_builder":"on","_et_pb_old_content":"","_et_gb_content_width":"","footnotes":""},"class_list":["post-201","page","type-page","status-publish","hentry"],"_links":{"self":[{"href":"https:\/\/www.hamburg-gesangsunterricht.de\/index.php?rest_route=\/wp\/v2\/pages\/201","targetHints":{"allow":["GET"]}}],"collection":[{"href":"https:\/\/www.hamburg-gesangsunterricht.de\/index.php?rest_route=\/wp\/v2\/pages"}],"about":[{"href":"https:\/\/www.hamburg-gesangsunterricht.de\/index.php?rest_route=\/wp\/v2\/types\/page"}],"author":[{"embeddable":true,"href":"https:\/\/www.hamburg-gesangsunterricht.de\/index.php?rest_route=\/wp\/v2\/users\/1"}],"replies":[{"embeddable":true,"href":"https:\/\/www.hamburg-gesangsunterricht.de\/index.php?rest_route=%2Fwp%2Fv2%2Fcomments&post=201"}],"version-history":[{"count":40,"href":"https:\/\/www.hamburg-gesangsunterricht.de\/index.php?rest_route=\/wp\/v2\/pages\/201\/revisions"}],"predecessor-version":[{"id":1514,"href":"https:\/\/www.hamburg-gesangsunterricht.de\/index.php?rest_route=\/wp\/v2\/pages\/201\/revisions\/1514"}],"wp:attachment":[{"href":"https:\/\/www.hamburg-gesangsunterricht.de\/index.php?rest_route=%2Fwp%2Fv2%2Fmedia&parent=201"}],"curies":[{"name":"wp","href":"https:\/\/api.w.org\/{rel}","templated":true}]}}