{"id":114,"date":"2017-09-29T12:18:47","date_gmt":"2017-09-29T10:18:47","guid":{"rendered":"http:\/\/wp1094885.server-he.de\/?page_id=114"},"modified":"2026-04-15T17:52:39","modified_gmt":"2026-04-15T15:52:39","slug":"home","status":"publish","type":"page","link":"https:\/\/www.hamburg-gesangsunterricht.de\/","title":{"rendered":"Home"},"content":{"rendered":"<p>[et_pb_section fb_built=&#8220;1&#8243; admin_label=&#8220;header start&#8220; _builder_version=&#8220;4.23&#8243; background_image=&#8220;https:\/\/www.hamburg-gesangsunterricht.de\/wp-content\/uploads\/2023\/12\/web3.jpg&#8220; parallax=&#8220;on&#8220; parallax_method=&#8220;off&#8220; custom_padding=&#8220;50px||50px|&#8220; transparent_background=&#8220;off&#8220; make_fullwidth=&#8220;off&#8220; use_custom_width=&#8220;off&#8220; width_unit=&#8220;on&#8220; collapsed=&#8220;off&#8220; global_colors_info=&#8220;{}&#8220;][et_pb_row admin_label=&#8220;Zeile&#8220; _builder_version=&#8220;4.23&#8243; background_size=&#8220;initial&#8220; background_position=&#8220;top_left&#8220; background_repeat=&#8220;repeat&#8220; collapsed=&#8220;on&#8220; global_colors_info=&#8220;{}&#8220;][et_pb_column type=&#8220;4_4&#8243; _builder_version=&#8220;4.16&#8243; custom_padding=&#8220;|||&#8220; global_colors_info=&#8220;{}&#8220; custom_padding__hover=&#8220;|||&#8220;][et_pb_text admin_label=&#8220;Platzmacher&#8220; _builder_version=&#8220;4.16&#8243; background_size=&#8220;initial&#8220; background_position=&#8220;top_left&#8220; background_repeat=&#8220;repeat&#8220; use_border_color=&#8220;off&#8220; border_color=&#8220;#ffffff&#8220; border_style=&#8220;solid&#8220; global_colors_info=&#8220;{}&#8220;][\/et_pb_text][\/et_pb_column][\/et_pb_row][et_pb_row column_structure=&#8220;2_3,1_3&#8243; admin_label=&#8220;Zeile&#8220; _builder_version=&#8220;4.23&#8243; background_size=&#8220;initial&#8220; background_position=&#8220;top_left&#8220; background_repeat=&#8220;repeat&#8220; global_colors_info=&#8220;{}&#8220;][et_pb_column type=&#8220;2_3&#8243; _builder_version=&#8220;4.16&#8243; custom_padding=&#8220;|||&#8220; global_colors_info=&#8220;{}&#8220; custom_padding__hover=&#8220;|||&#8220;][et_pb_text admin_label=&#8220;Platzmacher&#8220; _builder_version=&#8220;4.16&#8243; background_size=&#8220;initial&#8220; background_position=&#8220;top_left&#8220; background_repeat=&#8220;repeat&#8220; use_border_color=&#8220;off&#8220; border_color=&#8220;#ffffff&#8220; border_style=&#8220;solid&#8220; global_colors_info=&#8220;{}&#8220;]&nbsp;<\/p>\n<p>&nbsp;<\/p>\n<p>&nbsp;<\/p>\n<p>&nbsp;[\/et_pb_text][et_pb_text admin_label=&#8220;Text&#8220; _builder_version=&#8220;4.27.5&#8243; text_font=&#8220;Droid Sans||||&#8220; text_text_color=&#8220;#2d2d2d&#8220; text_font_size=&#8220;16&#8243; background_size=&#8220;initial&#8220; background_position=&#8220;top_left&#8220; background_repeat=&#8220;repeat&#8220; use_border_color=&#8220;off&#8220; border_color=&#8220;#ffffff&#8220; border_style=&#8220;solid&#8220; global_colors_info=&#8220;{}&#8220;]<\/p>\n<p>Gesangsunterricht,\u00a0 Vocal Coaching und Manual Voice Regeneration online oder in meinem Studio in Hamburg Eimsb\u00fcttel<\/p>\n<p>Bei meiner Arbeit gehe ich vom h\u00f6chsten Potential meiner KlientInnen aus und suche mit ihnen zusammen Wege, um es zu entfalten.<\/p>\n<p>Ich glaube an die pers\u00f6nliche Ausdruckskraft eines jeden. Das Ziel ist die bestm\u00f6gliche Umsetzung in der Singstimme.<\/p>\n<p>[\/et_pb_text][et_pb_text admin_label=&#8220;Platzmacher&#8220; _builder_version=&#8220;4.16&#8243; background_size=&#8220;initial&#8220; background_position=&#8220;top_left&#8220; background_repeat=&#8220;repeat&#8220; use_border_color=&#8220;off&#8220; border_color=&#8220;#ffffff&#8220; border_style=&#8220;solid&#8220; global_colors_info=&#8220;{}&#8220;]&nbsp;<\/p>\n<p>&nbsp;<\/p>\n<p>&nbsp;<\/p>\n<p>&nbsp;[\/et_pb_text][\/et_pb_column][et_pb_column type=&#8220;1_3&#8243; _builder_version=&#8220;4.16&#8243; custom_padding=&#8220;|||&#8220; global_colors_info=&#8220;{}&#8220; custom_padding__hover=&#8220;|||&#8220;][et_pb_image src=&#8220;https:\/\/www.hamburg-gesangsunterricht.de\/wp-content\/uploads\/2023\/07\/logo_ohne_adr_Kopie-removeb315.jpg&#8220; title_text=&#8220;logo_ohne_adr_Kopie-removeb315&#8243; align_tablet=&#8220;center&#8220; align_phone=&#8220;&#8220; align_last_edited=&#8220;on|desktop&#8220; admin_label=&#8220;logo&#8220; _builder_version=&#8220;4.23.1&#8243; width=&#8220;82%&#8220; max_width=&#8220;82%&#8220; custom_margin=&#8220;111px||||false|false&#8220; use_border_color=&#8220;off&#8220; border_color=&#8220;#ffffff&#8220; border_style=&#8220;solid&#8220; animation=&#8220;off&#8220; sticky=&#8220;off&#8220; always_center_on_mobile=&#8220;on&#8220; global_colors_info=&#8220;{}&#8220;][\/et_pb_image][\/et_pb_column][\/et_pb_row][\/et_pb_section][et_pb_section fb_built=&#8220;1&#8243; admin_label=&#8220;Sektion&#8220; _builder_version=&#8220;4.23&#8243; collapsed=&#8220;off&#8220; global_colors_info=&#8220;{}&#8220;][et_pb_row admin_label=&#8220;Zeile&#8220; _builder_version=&#8220;4.16&#8243; background_size=&#8220;initial&#8220; background_position=&#8220;top_left&#8220; background_repeat=&#8220;repeat&#8220; collapsed=&#8220;off&#8220; global_colors_info=&#8220;{}&#8220;][et_pb_column type=&#8220;4_4&#8243; _builder_version=&#8220;4.16&#8243; custom_padding=&#8220;|||&#8220; global_colors_info=&#8220;{}&#8220; custom_padding__hover=&#8220;|||&#8220;][et_pb_text admin_label=&#8220;Text&#8220; _builder_version=&#8220;4.27.5&#8243; text_font=&#8220;Droid Sans||||&#8220; text_text_color=&#8220;#2d2d2d&#8220; text_font_size=&#8220;16&#8243; background_size=&#8220;initial&#8220; background_position=&#8220;top_left&#8220; background_repeat=&#8220;repeat&#8220; text_orientation=&#8220;center&#8220; module_alignment=&#8220;center&#8220; use_border_color=&#8220;off&#8220; border_color=&#8220;#ffffff&#8220; border_style=&#8220;solid&#8220; global_colors_info=&#8220;{}&#8220;]<\/p>\n<h1><span style=\"color: #e08e06;\">Gesangsunterricht \/ Vocal Coaching vom Profi<\/span><\/h1>\n<p><span style=\"color: #616161;\">Pop, Jazz, Rock, Klassik, Chanson, Musical, Songwriting in Hamburg Eimsb\u00fcttel.<\/span><\/p>\n<p><span style=\"color: #616161;\">Individuell:\u00a0f\u00fcr Leads\u00e4ngerInnen, SchauspielerInnen, Laien, Chors\u00e4ngerInnen;<\/span><br \/><span style=\"color: #616161;\"> f\u00fcr Castings, Aufnahmepr\u00fcfungen; bei Stimmproblemen<\/span>.<\/p>\n<p>[\/et_pb_text][\/et_pb_column][\/et_pb_row][et_pb_row column_structure=&#8220;1_3,1_3,1_3&#8243; admin_label=&#8220;Zeile&#8220; _builder_version=&#8220;4.23.1&#8243; background_size=&#8220;initial&#8220; background_position=&#8220;top_left&#8220; background_repeat=&#8220;repeat&#8220; collapsed=&#8220;off&#8220; global_colors_info=&#8220;{}&#8220;][et_pb_column type=&#8220;1_3&#8243; _builder_version=&#8220;4.16&#8243; custom_padding=&#8220;|||&#8220; global_colors_info=&#8220;{}&#8220; custom_padding__hover=&#8220;|||&#8220;][et_pb_text content_tablet=&#8220;<\/p>\n<p><span style=%22color: #e09900;%22><strong># Voice Basics &#8211; <\/strong><\/span><span style=%22color: #e09900;%22><strong> Workshop &#8211; f\u00fcr Newbies und S\u00e4nger*innen, die mehr Struktur in ihr Gesangs-Training brin gen m\u00f6chten. 21.03. 10-17h  <a href=%22https:\/\/www.hamburg-gesangsunterricht.de\/?page_id=141%22><span style=%22color: #99cc00;%22>mehr Infos<\/span><\/a><\/strong><\/span><\/p>\n<p><span style=%22color: #e09900;%22><strong># Singing together! Jeden dritten Freitag 18h <\/strong><\/span><span style=%22color: #e09900;%22><strong>freies Singen &#8211; zusammen grooven und Spass haben (mit Anmeldung!)  Mehr Infos<span style=%22color: #99cc00;%22> <a style=%22color: #99cc00;%22 href=%22https:\/\/www.hamburg-gesangsunterricht.de\/?page_id=141%22>hier<\/a><\/span><\/strong><\/span><\/p>\n<p><span style=%22color: #e09900;%22><strong># Rauf auf die B\u00fchne! Unser n\u00e4chstes Konzert ist am 18.04. &#8211; gern coache ich Dich f\u00fcr Deinen 1.Auftritt &#8211; oder auch f\u00fcr Deine n\u00e4chste Tour. Mehr Infos <span style=%22color: #99cc00;%22>hier <\/span><\/strong><\/span><\/p>\n<p><span style=%22color: #e09900;%22><strong><span style=%22color: #e09900;%22># Anei &#8211; mein aktuelles Musik-Projekt &#8211; Jazz, Experimental, Avantgarde, Pop&#8230; directly from the heart.<\/span> <a href=%22https:\/\/listen.music-hub.com\/nxrWw5%22><span style=%22color: #99cc00;%22>Spotify&#038;Co<\/span><\/a><span style=%22color: #e09900;%22> \/<\/span><a href=%22https:\/\/www.anei-music.com%22><span style=%22color: #99cc00;%22>Webseite<\/span><\/a><\/strong><\/span><\/p>\n<p><span style=%22color: #e09900;%22><strong><a style=%22color: #e09900;%22># Sin<span style=%22color: #e09900;%22>gen verschen<\/span>ken! Sch\u00f6ne gedruckte Gutscheine sende ich Euch gern zu &#8211; auch f\u00fcr Onlinestunden!<\/a><\/strong><\/span><\/p>\n<p><span style=%22color: #e09900;%22><strong># <\/strong><strong><a style=%22color: #e09900;%22 href=%22https:\/\/us10.list-manage.com\/subscribe?u=7d58baddd40332f20712ecf1f&#038;id=cf6a8d4812%22><span style=%22color: #99cc00;%22>Newsletter<\/span> Seminare, Ensemble-Projekte, Konzerte etc.; ca. einmal im Monat<\/a><\/strong><\/span><\/p>\n<p><a href=%22https:\/\/us10.campaign-archive.com\/home\/?u=7d58baddd40332f20712ecf1f&#038;id=cf6a8d4812%22><span style=%22color: #e09900;%22><strong><span style=%22color: #3366ff;%22><span style=%22color: #99cc00;%22># Newsletter Archiv<\/span><\/span><\/strong><\/span><\/a><\/p>\n<p>&#8220; content_phone=&#8220;<\/p>\n<p><span style=%22color: #e09900;%22><strong># Voice Basics &#8211; <\/strong><\/span><span style=%22color: #e09900;%22><strong> Workshop &#8211; f\u00fcr Newbies und S\u00e4nger*innen, die mehr Struktur in ihr Gesangs-Training brin gen m\u00f6chten. 21.03. 10-17h  <a href=%22https:\/\/www.hamburg-gesangsunterricht.de\/?page_id=141%22><span style=%22color: #99cc00;%22>mehr Infos<\/span><\/a><\/strong><\/span><\/p>\n<p><span style=%22color: #e09900;%22><strong># Singing together! Jeden dritten Freitag 18h <\/strong><\/span><span style=%22color: #e09900;%22><strong>freies Singen &#8211; zusammen grooven und Spass haben (mit Anmeldung!)  Mehr Infos<span style=%22color: #99cc00;%22> <a style=%22color: #99cc00;%22 href=%22https:\/\/www.hamburg-gesangsunterricht.de\/?page_id=141%22>hier<\/a><\/span><\/strong><\/span><\/p>\n<p><span style=%22color: #e09900;%22><strong># Rauf auf die B\u00fchne! Unser n\u00e4chstes Konzert ist am 18.04. &#8211; gern coache ich Dich f\u00fcr Deinen 1.Auftritt &#8211; oder auch f\u00fcr Deine n\u00e4chste Tour. Mehr Infos <span style=%22color: #99cc00;%22>hier <\/span><\/strong><\/span><\/p>\n<p><span style=%22color: #e09900;%22><strong><span style=%22color: #e09900;%22># Anei &#8211; mein aktuelles Musik-Projekt &#8211; Jazz, Experimental, Avantgarde, Pop&#8230; directly from the heart.<\/span> <a href=%22https:\/\/listen.music-hub.com\/nxrWw5%22><span style=%22color: #99cc00;%22>Spotify&#038;Co<\/span><\/a><span style=%22color: #e09900;%22> \/<\/span><a href=%22https:\/\/www.anei-music.com%22><span style=%22color: #99cc00;%22>Webseite<\/span><\/a><\/strong><\/span><\/p>\n<p><span style=%22color: #e09900;%22><strong><a style=%22color: #e09900;%22># Sin<span style=%22color: #e09900;%22>gen verschen<\/span>ken! Sch\u00f6ne gedruckte Gutscheine sende ich Euch gern zu &#8211; auch f\u00fcr Onlinestunden!<\/a><\/strong><\/span><\/p>\n<p><span style=%22color: #e09900;%22><strong># <\/strong><strong><a style=%22color: #e09900;%22 href=%22https:\/\/us10.list-manage.com\/subscribe?u=7d58baddd40332f20712ecf1f&#038;id=cf6a8d4812%22><span style=%22color: #99cc00;%22>Newsletter<\/span> Seminare, Ensemble-Projekte, Konzerte etc.; ca. einmal im Monat<\/a><\/strong><\/span><\/p>\n<p><a href=%22https:\/\/us10.campaign-archive.com\/home\/?u=7d58baddd40332f20712ecf1f&#038;id=cf6a8d4812%22><span style=%22color: #e09900;%22><strong><span style=%22color: #3366ff;%22><span style=%22color: #99cc00;%22># Newsletter Archiv<\/span><\/span><\/strong><\/span><\/a><\/p>\n<p>&#8220; content_last_edited=&#8220;on|desktop&#8220; admin_label=&#8220;aktuell&#8220; _builder_version=&#8220;4.27.5&#8243; text_font=&#8220;||||||||&#8220; text_text_color=&#8220;#616161&#8243; background_size=&#8220;initial&#8220; background_position=&#8220;top_left&#8220; background_repeat=&#8220;repeat&#8220; hover_enabled=&#8220;0&#8243; use_border_color=&#8220;off&#8220; border_color=&#8220;#ffffff&#8220; border_style=&#8220;solid&#8220; global_colors_info=&#8220;{}&#8220; sticky_enabled=&#8220;0&#8243;]<\/p>\n<p><span style=\"color: #e09900;\"><strong># Singing together! Jeden dritten Freitag 18h <\/strong><\/span><span style=\"color: #e09900;\"><strong>freies Singen &#8211; zusammen grooven und Spass haben (mit Anmeldung!)\u00a0 Mehr Infos<span style=\"color: #99cc00;\"> <a style=\"color: #99cc00;\" href=\"https:\/\/www.hamburg-gesangsunterricht.de\/?page_id=141\">hier<\/a><\/span><\/strong><\/span><\/p>\n<p><span style=\"color: #e09900;\"><strong># Rauf auf die B\u00fchne! Unser n\u00e4chstes Konzert ist am 18.04. &#8211; gern coache ich Dich f\u00fcr Deinen 1.Auftritt &#8211; oder auch f\u00fcr Deine n\u00e4chste Tour. Mehr Infos <span style=\"color: #99cc00;\">hier <\/span><\/strong><\/span><\/p>\n<p><span style=\"color: #e09900;\"><strong><span style=\"color: #e09900;\"># Anei &#8211; mein aktuelles Musik-Projekt &#8211; Jazz, Experimental, Avantgarde, Pop&#8230; directly from the heart.<\/span> <a href=\"https:\/\/listen.music-hub.com\/nxrWw5\"><span style=\"color: #99cc00;\">Spotify&amp;Co<\/span><\/a><span style=\"color: #e09900;\"> \/<\/span><a href=\"https:\/\/www.anei-music.com\"><span style=\"color: #99cc00;\">Webseite<\/span><\/a><\/strong><\/span><\/p>\n<p><span style=\"color: #e09900;\"><strong><a style=\"color: #e09900;\"># Sin<span style=\"color: #e09900;\">gen verschen<\/span>ken! Sch\u00f6ne gedruckte Gutscheine sende ich Euch gern zu &#8211; auch f\u00fcr Onlinestunden!<\/a><\/strong><\/span><\/p>\n<p><span style=\"color: #e09900;\"><strong># <\/strong><strong><a style=\"color: #e09900;\" href=\"https:\/\/b4a46dc1.sibforms.com\/serve\/MUIFAJRTdALqoT3FUnadLvQ8sBYdpEdDv__A40Ue4MOsB6sv4YbCYXg476NOC5e2oSdWGi2iwXsr5_rOjJs3uz8VLnO5cDaVLYY1eTN_Pf1knGd-GTRT9g9hRPJET11Qjsoy0ZdDk6Ycql5ust-LgoSMvgREPo6ctaj2g4u61oe--hDR-wPgL7JbFV9rlPYSr7eMAN--62_9TrF-\"><span style=\"color: #99cc00;\">Newsletter<\/span> Artikel zum Thema Stimme, aktuelle Projekte; ca. einmal im Monat<\/a><\/strong><\/span><\/p>\n<p>[\/et_pb_text][\/et_pb_column][et_pb_column type=&#8220;1_3&#8243; _builder_version=&#8220;4.16&#8243; custom_padding=&#8220;|||&#8220; global_colors_info=&#8220;{}&#8220; custom_padding__hover=&#8220;|||&#8220;][et_pb_text _builder_version=&#8220;4.27.5&#8243; text_font=&#8220;Droid Sans||||&#8220; text_text_color=&#8220;#616161&#8243; background_size=&#8220;initial&#8220; background_position=&#8220;top_left&#8220; background_repeat=&#8220;repeat&#8220; locked=&#8220;off&#8220; global_colors_info=&#8220;{}&#8220;]<\/p>\n<p><strong>Stefanie Hoffmann<\/strong><\/p>\n<p>Vocal Arts<\/p>\n<div class=\"textwidget custom-html-widget\">Fruchtallee 108<\/div>\n<div class=\"textwidget custom-html-widget\">20259 Hamburg<br \/><span style=\"color: #99cc00;\"><a style=\"color: #99cc00;\" href=\"tel:004915152032717\">+49(0)151.52032717<\/a><\/span><br \/><a href=\"mailto:stefanie@hamburg-gesangsunterricht.de\"><span style=\"color: #99cc00;\">stefanie@hamburg-gesangsunterricht.de<\/span><\/a><\/div>\n<p>[\/et_pb_text][et_pb_button button_url=&#8220;tel:+4915152032717&#8243; button_text=&#8220;call me&#8220; button_alignment=&#8220;left&#8220; _builder_version=&#8220;4.27.5&#8243; _module_preset=&#8220;default&#8220; custom_margin=&#8220;||||false|false&#8220; locked=&#8220;off&#8220; global_colors_info=&#8220;{}&#8220;][\/et_pb_button][\/et_pb_column][et_pb_column type=&#8220;1_3&#8243; _builder_version=&#8220;4.16&#8243; custom_padding=&#8220;|||&#8220; global_colors_info=&#8220;{}&#8220; custom_padding__hover=&#8220;|||&#8220;][et_pb_social_media_follow _builder_version=&#8220;4.27.5&#8243; _module_preset=&#8220;default&#8220; locked=&#8220;off&#8220; global_colors_info=&#8220;{}&#8220;][et_pb_social_media_follow_network social_network=&#8220;youtube&#8220; url=&#8220;https:\/\/www.youtube.com\/@stefaniehoffmannvocalarts&#8220; _builder_version=&#8220;4.27.5&#8243; _module_preset=&#8220;default&#8220; background_color=&#8220;#a82400&#8243; global_colors_info=&#8220;{}&#8220; follow_button=&#8220;off&#8220; url_new_window=&#8220;on&#8220;]youtube[\/et_pb_social_media_follow_network][et_pb_social_media_follow_network social_network=&#8220;facebook&#8220; url=&#8220;https:\/\/www.facebook.com\/stefaniehoffmannvocalarts&#8220; _builder_version=&#8220;4.27.5&#8243; _module_preset=&#8220;default&#8220; background_color=&#8220;#3b5998&#8243; global_colors_info=&#8220;{}&#8220; follow_button=&#8220;off&#8220; url_new_window=&#8220;on&#8220;]facebook[\/et_pb_social_media_follow_network][et_pb_social_media_follow_network social_network=&#8220;instagram&#8220; url=&#8220;https:\/\/www.instagram.com\/stefaniehoffmannvocalarts\/&#8220; _builder_version=&#8220;4.27.5&#8243; _module_preset=&#8220;default&#8220; background_color=&#8220;#ea2c59&#8243; global_colors_info=&#8220;{}&#8220; follow_button=&#8220;off&#8220; url_new_window=&#8220;on&#8220;]instagram[\/et_pb_social_media_follow_network][et_pb_social_media_follow_network social_network=&#8220;spotify&#8220; url=&#8220;https:\/\/open.spotify.com\/intl-de\/artist\/2PPZQ1RnxQ02xG95fPCR88?flow_ctx=1a5ce660-6493-4172-aa98-d16ef1cde0b1%3A1734315988&#8243; _builder_version=&#8220;4.27.5&#8243; _module_preset=&#8220;default&#8220; background_color=&#8220;#1db954&#8243; global_colors_info=&#8220;{}&#8220; follow_button=&#8220;off&#8220; url_new_window=&#8220;on&#8220;]spotify[\/et_pb_social_media_follow_network][\/et_pb_social_media_follow][et_pb_image src=&#8220;https:\/\/www.hamburg-gesangsunterricht.de\/wp-content\/uploads\/2022\/08\/BDG_Mitgliedersiegel30mm_RZ-1-150&#215;150-5-e1769637137787.jpg&#8220; title_text=&#8220;BDG_Mitgliedersiegel30mm_RZ-1-150&#215;150&#8243; _builder_version=&#8220;4.27.5&#8243; _module_preset=&#8220;default&#8220; global_colors_info=&#8220;{}&#8220;][\/et_pb_image][\/et_pb_column][\/et_pb_row][\/et_pb_section][et_pb_section fb_built=&#8220;1&#8243; admin_label=&#8220;Sektion&#8220; _builder_version=&#8220;4.23&#8243; background_image=&#8220;https:\/\/www.hamburg-gesangsunterricht.de\/wp-content\/uploads\/2023\/12\/raumweb-scaled.jpg&#8220; parallax=&#8220;on&#8220; transparent_background=&#8220;off&#8220; make_fullwidth=&#8220;off&#8220; use_custom_width=&#8220;off&#8220; width_unit=&#8220;on&#8220; global_colors_info=&#8220;{}&#8220;][et_pb_row column_structure=&#8220;1_3,1_3,1_3&#8243; admin_label=&#8220;Zeile&#8220; _builder_version=&#8220;4.23.1&#8243; background_size=&#8220;initial&#8220; background_position=&#8220;top_left&#8220; background_repeat=&#8220;repeat&#8220; collapsed=&#8220;off&#8220; global_colors_info=&#8220;{}&#8220;][et_pb_column type=&#8220;1_3&#8243; _builder_version=&#8220;4.16&#8243; custom_padding=&#8220;|||&#8220; global_colors_info=&#8220;{}&#8220; custom_padding__hover=&#8220;|||&#8220;][\/et_pb_column][et_pb_column type=&#8220;1_3&#8243; _builder_version=&#8220;4.16&#8243; custom_padding=&#8220;|||&#8220; global_colors_info=&#8220;{}&#8220; custom_padding__hover=&#8220;|||&#8220;][\/et_pb_column][et_pb_column type=&#8220;1_3&#8243; _builder_version=&#8220;4.16&#8243; custom_padding=&#8220;|||&#8220; global_colors_info=&#8220;{}&#8220; custom_padding__hover=&#8220;|||&#8220;][et_pb_image src=&#8220;https:\/\/www.hamburg-gesangsunterricht.de\/wp-content\/uploads\/2024\/03\/homeport2-scaled.jpg&#8220; title_text=&#8220;homeport2&#8243; _builder_version=&#8220;4.27.5&#8243; _module_preset=&#8220;default&#8220; global_colors_info=&#8220;{}&#8220;][\/et_pb_image][\/et_pb_column][\/et_pb_row][\/et_pb_section]<\/p>\n","protected":false},"excerpt":{"rendered":"<p>&nbsp; &nbsp; &nbsp; &nbsp;Gesangsunterricht,\u00a0 Vocal Coaching und Manual Voice Regeneration online oder in meinem Studio in Hamburg Eimsb\u00fcttel Bei meiner Arbeit gehe ich vom h\u00f6chsten Potential meiner KlientInnen aus und suche mit ihnen zusammen Wege, um es zu entfalten. Ich glaube an die pers\u00f6nliche Ausdruckskraft eines jeden. Das Ziel ist die bestm\u00f6gliche Umsetzung in der [&hellip;]<\/p>\n","protected":false},"author":1,"featured_media":0,"parent":0,"menu_order":0,"comment_status":"closed","ping_status":"closed","template":"","meta":{"_et_pb_use_builder":"on","_et_pb_old_content":"","_et_gb_content_width":"","footnotes":""},"class_list":["post-114","page","type-page","status-publish","hentry"],"_links":{"self":[{"href":"https:\/\/www.hamburg-gesangsunterricht.de\/index.php?rest_route=\/wp\/v2\/pages\/114","targetHints":{"allow":["GET"]}}],"collection":[{"href":"https:\/\/www.hamburg-gesangsunterricht.de\/index.php?rest_route=\/wp\/v2\/pages"}],"about":[{"href":"https:\/\/www.hamburg-gesangsunterricht.de\/index.php?rest_route=\/wp\/v2\/types\/page"}],"author":[{"embeddable":true,"href":"https:\/\/www.hamburg-gesangsunterricht.de\/index.php?rest_route=\/wp\/v2\/users\/1"}],"replies":[{"embeddable":true,"href":"https:\/\/www.hamburg-gesangsunterricht.de\/index.php?rest_route=%2Fwp%2Fv2%2Fcomments&post=114"}],"version-history":[{"count":343,"href":"https:\/\/www.hamburg-gesangsunterricht.de\/index.php?rest_route=\/wp\/v2\/pages\/114\/revisions"}],"predecessor-version":[{"id":2124,"href":"https:\/\/www.hamburg-gesangsunterricht.de\/index.php?rest_route=\/wp\/v2\/pages\/114\/revisions\/2124"}],"wp:attachment":[{"href":"https:\/\/www.hamburg-gesangsunterricht.de\/index.php?rest_route=%2Fwp%2Fv2%2Fmedia&parent=114"}],"curies":[{"name":"wp","href":"https:\/\/api.w.org\/{rel}","templated":true}]}}